{"id":291,"date":"2016-06-29T17:25:17","date_gmt":"2016-06-29T17:25:17","guid":{"rendered":"https:\/\/medifax.ca\/?page_id=291&#038;lang=en"},"modified":"2022-10-23T19:28:07","modified_gmt":"2022-10-23T23:28:07","slug":"home","status":"publish","type":"page","link":"https:\/\/medifax.ca\/en\/","title":{"rendered":"Home"},"content":{"rendered":"\n\n\t\t\t<img decoding=\"async\" loading='false' src=\"https:\/\/medifax.ca\/wp-content\/uploads\/M\u00e9decin-questionnaire3.jpg\" alt=\"Pr\u00e9-embauche\" \/><a href=\"https:\/\/medifax.ca\/contact-us\/?lang=en\" target=\"_self\" aria-label=\"Medical and Criminal Pre-Employment\" rel=\"noopener\"><\/a>\t\t\t\n\t\t\t\t<h1>Medical and Criminal Pre-Employment<\/h1>\t\t\t\n\t\t\t<img decoding=\"async\" loading='false' src=\"https:\/\/medifax.ca\/wp-content\/uploads\/\u00e9quipe-1.jpg\" alt=\"\" \/><a href=\"https:\/\/medifax.ca\/contact-us\/?lang=en\" target=\"_self\" aria-label=\"Medifax Recommendations in REAL TIME!\" rel=\"noopener\"><\/a>\t\t\t\n\t\t\t\t<h2>Medifax Recommendations in REAL TIME!<\/h2>\t\t\t\n\t\t\t<img decoding=\"async\" loading='false' src=\"https:\/\/medifax.ca\/wp-content\/uploads\/m\u00e9decin-q-pw.png\" alt=\"\" \/><a href=\"https:\/\/medifax.ca\/contact-us\/?lang=en\" target=\"_self\" aria-label=\"Easy to use!\" rel=\"noopener\"><\/a>\t\t\t\n\t\t\t\t<h2>Easy to use!<\/h2><p><strong>The HR toolbox des RHs<\/strong><\/p>\n<p>A service that adapts to the way HR works<\/p>\n\t\t\t<img decoding=\"async\" loading='false' src=\"https:\/\/medifax.ca\/wp-content\/uploads\/Agent-centre-dappel-petite.jpg\" alt=\"\" \/><a href=\"https:\/\/medifax.ca\/contact-us\/?lang=en\" target=\"_self\" aria-label=\"Medifax non intrusif !\" rel=\"noopener\"><\/a>\t\t\t\n\t\t\t\t<h2>Medifax non intrusif !<\/h2><p>Respecting the human<\/p>\n<p>Specific and personalized quiz<\/p>\n\t\t\t\t<a href=\"#\" aria-label=\"previous\" role=\"button\">\n<\/a>\n\t\t\t\t<a href=\"#\" aria-label=\"next\" role=\"button\">\n<\/a>\n<h2>\n\t\tMedifax, pre-employment in REAL TIME! A popular HR tool that makes the difference&#8230;\n\t<\/h2>\n\t\t\t<p><strong>FAST<\/strong><\/p>\t\t\n\t\t\t<p><strong>FLEXIBILITY<\/strong><\/p>\t\t\n\t\t\t<p><strong>QUALITY<\/strong><\/p>\t\t\n<h2>\n\t\tBe the fastest to hire!\n\t<\/h2>\n\t\t\t\t\t\t\t\t<a href=\"#\" target=\"_self\" rel=\"noopener\">\n\t\t\t\t\t\t<\/a>\n\t\t<h4><a href=\"#\" target=\"_self\" rel=\"noopener\">REAL-TIME evaluation<\/a><\/h4>\t\t\n\t\t\t<p>With the ROYAL service you have your results in\u00a0<strong>real time.<\/strong><\/p>\n\t\t\t\t\t\t\t\t<a href=\"#\" target=\"_self\" rel=\"noopener\">\n\t\t\t\t\t\t<\/a>\n\t\t<h4><a href=\"#\" target=\"_self\" rel=\"noopener\">An extended schedule<\/a><\/h4>\t\t\n\t\t\t<p>Objective to speak to the candidate quickly: From Sunday to Friday.\u00a0<strong>Morning, afternoon and evening.<\/strong><\/p>\n\t\t\t\t\t\t\t\t<a href=\"#\" target=\"_self\" rel=\"noopener\">\n\t\t\t\t\t\t<\/a>\n\t\t<h4><a href=\"#\" target=\"_self\" rel=\"noopener\">A multilingual service<\/a><\/h4>\t\t\n\t\t\t<p>Reduce the language barrier to facilitate and speed up the process.\u00a0French, English, Spanish\u00a0&#8230;<\/p>\n\t<h2>2 levels of service for your pre-employment<\/h2>\n\t\t\t\t\t\t\t\t<a href=\"#\" target=\"_self\" rel=\"noopener\">\n\t\t\t\t\t\t<\/a>\n\t\t<h4><a href=\"#\" target=\"_self\" rel=\"noopener\">ROYAL SERVICE: Real Time<\/a><\/h4>\t\t\n\t\t\t<p>Support and analysis immediately<\/p>\n\t\t\t\t\t\t\t\t<a href=\"#\" target=\"_self\" rel=\"noopener\">\n\t\t\t\t\t\t<\/a>\n\t\t<h4><a href=\"#\" target=\"_self\" rel=\"noopener\">\t STANDARD SERVICE<\/a><\/h4>\t\t\n\t\t\t<p>Standard evaluation in 3 hours<\/p>\n\t\t\t\t<img loading=\"lazy\" decoding=\"async\" src=\"https:\/\/medifax.ca\/wp-content\/uploads\/123456789.jpg\" alt=\"123456789\" height=\"771\" width=\"1186\" title=\"123456789\" \/>\n\t<h2><strong>DON&#8217;T LOSE A CANDIDATE FOR THE BENEFIT OF OTHERS!<\/strong><\/h2>\n<h2><strong>UNIQUE IN THE INDUSTRY<\/strong><\/h2>\n<h2><strong>NO DELAY &#8211; IMMEDIATE RESPONSE<\/strong><\/h2>\n\t\t\t<a href=\"https:\/\/medifax.ca\/formulaire-dinscription\/\" target=\"_self\" role=\"button\" rel=\"noopener\">\n\t\t\t\t\t\t\tSign up!<br \/><br \/>No obligation<br \/><br \/>Get your access within 6 hours <br \/><br \/> CLICK AND START<br \/>\n\t\t\t\t\t<\/a>\n\t<h3><b>Our real-time process prevents you from losing\u00a01 out of 2 candidates<\/b><\/h3>\n<p>Track your records from our\u00a0PowerAPPS\u00a0on your computer or cell phone.<\/p>\n\t\t\t\t<img loading=\"lazy\" decoding=\"async\" src=\"https:\/\/medifax.ca\/wp-content\/uploads\/PWA-Liste-candidat.png\" alt=\"PWA - Liste candidat\" height=\"418\" width=\"475\" title=\"PWA - Liste candidat\" \/>\n\t<h3>1 &#8211; The pre-employment interview<\/h3>\n<p>After completing your interview, you transfer the candidate to us immediately.<\/p>\n<h3>2 &#8211; Pre-employment validation<\/h3>\n<p>The medical validation and the plumitif are done at the same time and immediately.<\/p>\n<h3>3 &#8211; Recommendation and hiring<\/h3>\n<p>Real-time monitoring of your files on our PowerAPPS application<\/p>\n\t<h2><strong>SAY YES TO YOUR CANDIDATE<\/strong><\/h2>\n<p>A simple service<\/p>\n<p>Options that meet your pre-employment needs<\/p>\n\t\t\t<a href=\"\/?page_id=951\" target=\"_self\" role=\"button\" rel=\"noopener\">\n\t\t\t\t\t\t\tSign up!<br \/><br \/>No obligation<br \/><br \/>Get your access within 6 hours <br \/><br \/> CLICK AND START<br \/>\n\t\t\t\t\t<\/a>\n\t<h3><b>Our standard service<\/b><\/h3>\n<p>From the contact with the candidate, you receive the analysis within 3 hours.<\/p>\n\t<h3>1 &#8211; The job interview<\/h3>\n<p>After completing your interview, you transfer the candidate to us immediately.<\/p>\n<h3>2 &#8211; Pre-employment validation<\/h3>\n<p>The medical validation and the plumitif are done at the same time and immediately.<\/p>\n<h3>3 &#8211; Recommendation and hiring<\/h3>\n<p>Real-time monitoring of your files on our PowerAPPS application<\/p>\n<h2>\n\t\t2 types of recommendation\n\t<\/h2>\n\t\t\t\t\t\t\t\t<a href=\"#\" target=\"_self\" rel=\"noopener\">\n\t\t\t\t\t\t<\/a>\n\t\t<h4><a href=\"#\" target=\"_self\" rel=\"noopener\">By doctor<\/a><\/h4>\t\t\n\t\t\t<p>Classification Fit for Use The doctor issues the medical classification related to the job applied for.<\/p>\n\t\t\t\t\t\t\t\t<a href=\"#\" target=\"_self\" rel=\"noopener\">\n\t\t\t\t\t\t<\/a>\n\t\t<h4><a href=\"#\" target=\"_self\" rel=\"noopener\">By nurse &#8211; Identification of restrictions<\/a><\/h4>\t\t\n\t\t\t<p>The nurse performs the identification of restrictions.<\/p>\n\t\t\t\t<img loading=\"lazy\" decoding=\"async\" src=\"https:\/\/medifax.ca\/wp-content\/uploads\/expertise-m\u00e9dicale-1.jpg\" alt=\"expertise m\u00e9dicale\" height=\"200\" width=\"300\" title=\"expertise m\u00e9dicale\" \/>\n\t\t\t<a href=\"https:\/\/medifax.ca\/wp-content\/uploads\/Medifax-rapport-inf-doc-1.pdf\" target=\"_self\" role=\"button\" rel=\"noopener\">\n\t\t\t\t\t\t\tCompare reports\n\t\t\t\t\t<\/a>\n\t\t\t\t<img loading=\"lazy\" decoding=\"async\" src=\"https:\/\/medifax.ca\/wp-content\/uploads\/expertise-m\u00e9dicale.jpg\" alt=\"expertise m\u00e9dicale\" height=\"200\" width=\"300\" title=\"expertise m\u00e9dicale\" \/>\n\t\t\t<a href=\"\/?page_id=951\" target=\"_self\" role=\"button\" rel=\"noopener\">\n\t\t\t\t\t\t\tSign up!<br \/><br \/>No obligation<br \/><br \/>Get your access within 6 hours <br \/><br \/> CLICK AND START<br \/>\n\t\t\t\t\t<\/a>\n\t\t\t\t<img loading=\"lazy\" decoding=\"async\" src=\"https:\/\/medifax.ca\/wp-content\/uploads\/expertise-m\u00e9dicale.jpg\" alt=\"expertise m\u00e9dicale\" height=\"200\" width=\"300\" title=\"expertise m\u00e9dicale\" \/>\n<h2>\n\t\tThe options for your pre-employment\n\t<\/h2>\n\t\t\t\t<img loading=\"lazy\" decoding=\"async\" src=\"https:\/\/medifax.ca\/wp-content\/uploads\/drogu.jpg\" alt=\"drogu\" height=\"683\" width=\"1025\" title=\"drogu\" \/>\n\t\t\t\t\t\t\t\t<a href=\"#\" target=\"_self\" rel=\"noopener\">\n\t\t\t\t\t\t<\/a>\n\t\t<h4><a href=\"#\" target=\"_self\" rel=\"noopener\">Drug test<\/a><\/h4>\t\t\n\t\t\t<p>Our team schedules drug testing at a location close to the applicant&#8217;s place of residence.<\/p>\n\t\t\t\t\t\t\t\t<a href=\"#\" target=\"_self\" rel=\"noopener\">\n\t\t\t\t\t\t<\/a>\n\t\t<h4><a href=\"#\" target=\"_self\" rel=\"noopener\">Functional capacity <\/a><\/h4>\t\t\n\t\t\t<p>With the evaluation of the medical history by the questionnaire, you can combine it with the functional capacity.<\/p>\n\t\t\t\t\t\t\t\t<a href=\"#\" target=\"_self\" rel=\"noopener\">\n\t\t\t\t\t\t<\/a>\n\t\t<h4><a href=\"#\" target=\"_self\" rel=\"noopener\">Color vision<\/a><\/h4>\t\t\n\t\t\t<p>Ishihara color test conducted online.<\/p>\n\t\t\t<a href=\"\/?page_id=951\" target=\"_self\" role=\"button\" rel=\"noopener\">\n\t\t\t\t\t\t\tSign up!<br \/><br \/>No obligation<br \/><br \/>Get your access within 6 hours <br \/><br \/> CLICK AND START<br \/>\n\t\t\t\t\t<\/a>\n\t\t\t\t\t\t\t\t<a href=\"#\" target=\"_self\" rel=\"noopener\">\n\t\t\t\t\t\t<\/a>\n\t\t<h4><a href=\"#\" target=\"_self\" rel=\"noopener\">Criminal<\/a><\/h4>\t\t\n\t\t\t<p>Criminal record assessment report via Quebec courthouses and the RCMP in Canada<\/p>\n\t\t\t\t\t\t\t\t<a href=\"#\" target=\"_self\" rel=\"noopener\">\n\t\t\t\t\t\t<\/a>\n\t\t<h4><a href=\"#\" target=\"_self\" rel=\"noopener\">Credit<\/a><\/h4>\t\t\n\t\t\t<p>Credit report evaluation report<\/p>\n\t\t\t\t\t\t\t\t<a href=\"#\" target=\"_self\" rel=\"noopener\">\n\t\t\t\t\t\t<\/a>\n\t\t<h4><a href=\"#\" target=\"_self\" rel=\"noopener\">Reference<\/a><\/h4>\t\t\n\t\t\t<p>Information on references from previous jobs<\/p>\n<h2>\n\t\tHiring day\n\t<\/h2>\n\t<p>Several companies are doing massive hiring days.<\/p>\n<p>You can book dedicated medical resources with instant referrals.<\/p>\n\t\t\t\t<img loading=\"lazy\" decoding=\"async\" src=\"https:\/\/medifax.ca\/wp-content\/uploads\/groupe-doc.jpg\" alt=\"groupe doc\" height=\"195\" width=\"300\" title=\"groupe doc\" \/>\n\t\t\t\t\t\t\t\t<a href=\"#\" target=\"_self\" rel=\"noopener\">\n\t\t\t\t\t\t<\/a>\n\t\t<h4><a href=\"#\" target=\"_self\" rel=\"noopener\">Dedicated medical resources<\/a><\/h4>\t\t\n\t\t\t<p>Nursing staff by the hour on site or remotely.<\/p>\n\t\t\t\t\t\t\t\t<a href=\"#\" target=\"_self\" rel=\"noopener\">\n\t\t\t\t\t\t<\/a>\n\t\t<h4><a href=\"#\" target=\"_self\" rel=\"noopener\">\t Dedicated personal validation resources <\/a><\/h4>\t\t\n\t\t\t<p>Staff specializing in criminal background checks and remote reference validation.<\/p>\n<h2>\n\t\t4 kinds of way for collecting information!\n\t<\/h2>\n\t\t\t\t\t\t\t\t<a href=\"#\" target=\"_self\" rel=\"noopener\">\n\t\t\t\t\t\t<\/a>\n\t\t<h4><a href=\"#\" target=\"_self\" rel=\"noopener\">Paper form<\/a><\/h4>\t\t\n\t\t\t<p>The questionnaire is completed by the candidate during the interview with HR and we receive it by email.<\/p>\n\t\t\t\t\t\t\t\t<a href=\"#\" target=\"_self\" rel=\"noopener\">\n\t\t\t\t\t\t<\/a>\n\t\t<h4><a href=\"#\" target=\"_self\" rel=\"noopener\">By phone<\/a><\/h4>\t\t\n\t\t\t<p>Royal Service only: The QenDirect, very popular with candidates with reading difficulties, because our medical staff complete the questionnaire with them live.<\/p>\n\t\t\t\t\t\t\t\t<a href=\"#\" target=\"_self\" rel=\"noopener\">\n\t\t\t\t\t\t<\/a>\n\t\t<h4><a href=\"#\" target=\"_self\" rel=\"noopener\">Web-quiz<\/a><\/h4>\t\t\n\t\t\t<p>Via the web interface, the candidate completes the questionnaire.<\/p>\n\t\t\t\t\t\t\t\t<a href=\"#\" target=\"_self\" rel=\"noopener\">\n\t\t\t\t\t\t<\/a>\n\t\t<h4><a href=\"#\" target=\"_self\" rel=\"noopener\">Chat<\/a><\/h4>\t\t\n\t\t\t<p>Via the chat bubble available on the Medifax site, candidates answer questions by chatting.<\/p>\n\t\t\t<a href=\"\/?page_id=951\" target=\"_self\" role=\"button\" rel=\"noopener\">\n\t\t\t\t\t\t\tSign up!<br \/><br \/>No obligation<br \/><br \/>Get your access within 6 hours <br \/><br \/> CLICK AND START<br \/>\n\t\t\t\t\t<\/a>\n<h2>\n\t\tRespect the rights of candidates\n\t<\/h2>\n\t\t\t\t<img loading=\"lazy\" decoding=\"async\" src=\"https:\/\/medifax.ca\/wp-content\/uploads\/M\u00e9decin-t\u00e9l\u00e9phone.jpg\" alt=\"M\u00e9decin - t\u00e9l\u00e9phone\" height=\"357\" width=\"635\" title=\"M\u00e9decin - t\u00e9l\u00e9phone\" \/>\n\t\t\t\t\t\t\t\t<a href=\"#\" target=\"_self\" rel=\"noopener\">\n\t\t\t\t\t\t<\/a>\n\t\t<h4><a href=\"#\" target=\"_self\" rel=\"noopener\">Specific quiz<\/a><\/h4>\t\t\n\t\t\t<p>Quiz with questions that are related to the activities of the job types<\/p>\n\t\t\t\t\t\t\t\t<a href=\"#\" target=\"_self\" rel=\"noopener\">\n\t\t\t\t\t\t<\/a>\n\t\t<h4><a href=\"#\" target=\"_self\" rel=\"noopener\">Dedicated personal validation resources<\/a><\/h4>\t\t\n\t\t\t<p>Staff specializing in criminal background checks and remote reference validation.<\/p>\n\t\t\t<h3>Feedback from our customers<\/h3>\n\t\t\t<blockquote><p>The Medifax service allowed us to have good advice before hiring.<\/p><\/blockquote>\n\t\t\t<blockquote><p>The service is very efficient thanks to the speed with which reports are received.<\/p><\/blockquote>\n\t\t\t<p>We have special hiring days and each time we are very satisfied with the work of the Medifax team.<\/p>\n\t\t\t\t<img loading=\"lazy\" decoding=\"async\" src=\"https:\/\/medifax.ca\/wp-content\/uploads\/headshot.png\" alt=\"personne\" height=\"374\" width=\"250\" title=\"headshot\" \/>\n\t\t\t\t\t\t\t\t<a href=\"#\" target=\"_self\" rel=\"noopener\">\n\t\t\t\t\t\t<\/a>\n\t\t<h4><a href=\"#\" target=\"_self\" rel=\"noopener\">Corporate vision <\/a><\/h4>\t\t\n\t\t\t<p>A service accessible throughout North America. Per-site management statistics and flexible invoicing that adapts to legal entities and the company&#8217;s approval process.<\/p>\n\t\t\t\t\t\t\t\t<a href=\"#\" target=\"_self\" rel=\"noopener\">\n\t\t\t\t\t\t<\/a>\n\t\t<h4><a href=\"#\" target=\"_self\" rel=\"noopener\">Medical team<\/a><\/h4>\t\t\n\t\t\t<p>The medical team, which is made up of doctors and specialists (psychiatrists and orthopaedists), in occupational medicine since 1997. They determine the recommendations as well as the analysis process.<\/p>\n\t\t\t\t\t\t\t\t<a href=\"#\" target=\"_self\" rel=\"noopener\">\n\t\t\t\t\t\t<\/a>\n\t\t<h4><a href=\"#\" target=\"_self\" rel=\"noopener\">Legal aspect <\/a><\/h4>\t\t\n\t\t\t<p>In compliance with the legal rules of each province. A philosophy that respects human rights. Questionnaires adapted to job types and a process that respects candidates.<\/p>\n\t\t\t\t\t<a href=\"#\" id=\"fl-accordion--label-0\">What is medically assessed?<\/a>\n\t\t\t\t\t\t\t\t\t\t\t<a href=\"#\" id=\"fl-accordion--icon-0\"><i>Expand<\/i><\/a>\n\t\t\t\t\t<p>Related to the job<\/p>\n<ul>\n<li>Symptoms and diseases<\/li>\n<li>Medication<\/li>\n<li>Operations and injuries<\/li>\n<li>Accidents at work<\/li>\n<li>Functional limitations<\/li>\n<li>Professional diseases<\/li>\n<\/ul>\n\t\t\t\t\t<a href=\"#\" id=\"fl-accordion--label-1\">What is valued to staff?<\/a>\n\t\t\t\t\t\t\t\t\t\t\t<a href=\"#\" id=\"fl-accordion--icon-1\"><i>Expand<\/i><\/a>\n\t\t\t\t\t<p>Plumitives<\/p>\n<ul>\n<li>Criminal &#8211; Quebec<\/li>\n<li>Criminal &#8211; Canadian<\/li>\n<li>Criminal &#8211; International<\/li>\n<\/ul>\n<p>Reference<\/p>\n<ul>\n<li>Validation of references<\/li>\n<\/ul>\n\t\t\t\t\t<a href=\"#\" id=\"fl-accordion--label-2\">Why does it reduce the risk of injury?<\/a>\n\t\t\t\t\t\t\t\t\t\t\t<a href=\"#\" id=\"fl-accordion--icon-2\"><i>Expand<\/i><\/a>\n\t\t\t\t\t<p>Ensures that job-related tasks do not conflict with the worker&#8217;s functional limitations in order to avoid aggravating their personal condition.<\/p>\n\t\t\t\t\t<a href=\"#\" id=\"fl-accordion--label-3\">In which languages \u200b\u200bis Medifax available?<\/a>\n\t\t\t\t\t\t\t\t\t\t\t<a href=\"#\" id=\"fl-accordion--icon-3\"><i>Expand<\/i><\/a>\n\t\t\t\t\t<p>French<\/p>\n<p>English<\/p>\n<p>Spanish<\/p>\n<p>Arabs<\/p>\n<p>Possibility to add other languages.<\/p>\n\t\t\t\t\t<a href=\"#\" id=\"fl-accordion--label-4\">What about the legal aspect?<\/a>\n\t\t\t\t\t\t\t\t\t\t\t<a href=\"#\" id=\"fl-accordion--icon-4\"><i>Expand<\/i><\/a>\n\t\t\t\t\t<p>The legislation and case law are the same in the other provinces and territories of Canada except\u00a0for Saskatchewan.<\/p>\n<p><strong>Provinces and territories of Canada<\/strong><\/p>\n<p>Employers can ask medical questions before hiring the worker.<\/p>\n<p><strong>Saskatchewan<\/strong><\/p>\n<p>The\u00a0<i>Saskatchewan Human Rights Code<\/i>\u00a0prohibits all hiring questions except one.\u00a0Employers therefore use the questionnaire after hiring.<\/p>\n\t\t\t\t\t<a href=\"#\" id=\"fl-accordion--label-5\">My questionnaire to employee are so intrusive?<\/a>\n\t\t\t\t\t\t\t\t\t\t\t<a href=\"#\" id=\"fl-accordion--icon-5\"><i>Expand<\/i><\/a>\n\t\t\t\t\t<p>We are at the forefront in this area.\u00a0We have developed a system that allows you to create a questionnaire related to the risks and aptitudes of the workplace.\u00a0No more general questionnaires!<\/p>\n\t\t\t\t\t<a href=\"#\" id=\"fl-accordion--label-6\">Can I have a personalized employee questionnaire?<\/a>\n\t\t\t\t\t\t\t\t\t\t\t<a href=\"#\" id=\"fl-accordion--icon-6\"><i>Expand<\/i><\/a>\n\t\t\t\t\t<p>Yes, and it is recommended to respect human rights.<\/p>\n\t\t\t\t\t<a href=\"#\" id=\"fl-accordion--label-7\">What about the process at the legal level?<\/a>\n\t\t\t\t\t\t\t\t\t\t\t<a href=\"#\" id=\"fl-accordion--icon-7\"><i>Expand<\/i><\/a>\n\t\t\t\t\t<p>Every step of the process respects the philosophy of human rights law.\u00a0It was established following the legal recommendations of lawyers.<\/p>\n<p>It also respects the professional orders of nurses and doctors.\u00a0This is why you have access to 2 types of service: identification of restrictions by the nurse and classification by the doctor.<\/p>\n\n","protected":false},"excerpt":{"rendered":"<p>Medical and Criminal Pre-Employment Medifax Recommendations in REAL TIME! Easy to use! The HR toolbox des RHs A service that adapts to the way HR works Medifax non intrusif ! Respecting the human Specific and personalized quiz Medifax, pre-employment in REAL TIME! A popular HR tool that makes the difference&#8230; FAST FLEXIBILITY QUALITY Be the&hellip;<\/p>\n","protected":false},"author":1,"featured_media":0,"parent":0,"menu_order":0,"comment_status":"closed","ping_status":"closed","template":"","meta":{"footnotes":""},"class_list":["post-291","page","type-page","status-publish","hentry"],"_links":{"self":[{"href":"https:\/\/medifax.ca\/en\/wp-json\/wp\/v2\/pages\/291","targetHints":{"allow":["GET"]}}],"collection":[{"href":"https:\/\/medifax.ca\/en\/wp-json\/wp\/v2\/pages"}],"about":[{"href":"https:\/\/medifax.ca\/en\/wp-json\/wp\/v2\/types\/page"}],"author":[{"embeddable":true,"href":"https:\/\/medifax.ca\/en\/wp-json\/wp\/v2\/users\/1"}],"replies":[{"embeddable":true,"href":"https:\/\/medifax.ca\/en\/wp-json\/wp\/v2\/comments?post=291"}],"version-history":[{"count":8,"href":"https:\/\/medifax.ca\/en\/wp-json\/wp\/v2\/pages\/291\/revisions"}],"predecessor-version":[{"id":6405,"href":"https:\/\/medifax.ca\/en\/wp-json\/wp\/v2\/pages\/291\/revisions\/6405"}],"wp:attachment":[{"href":"https:\/\/medifax.ca\/en\/wp-json\/wp\/v2\/media?parent=291"}],"curies":[{"name":"wp","href":"https:\/\/api.w.org\/{rel}","templated":true}]}}