{"id":306,"date":"2016-06-29T17:45:54","date_gmt":"2016-06-29T17:45:54","guid":{"rendered":"https:\/\/medifax.ca\/?page_id=306&#038;lang=en"},"modified":"2022-10-29T08:59:48","modified_gmt":"2022-10-29T12:59:48","slug":"zone-client","status":"publish","type":"page","link":"https:\/\/medifax.ca\/en\/zone-client\/","title":{"rendered":"Client zone"},"content":{"rendered":"\n<h2>\n\t\tChoose your service \n\t<\/h2>\n\t\t\t\t<a href=\"https:\/\/medifax.ca\/en\/service-royal\/\" target=\"_blank\" rel=\"noopener\">\n\t\t\t\t<img loading=\"lazy\" decoding=\"async\" src=\"https:\/\/medifax.ca\/wp-content\/uploads\/royal.jpg\" alt=\"royal\" height=\"853\" width=\"1001\" title=\"royal\" \/>\n\t\t\t\t<\/a>\n\t\t<h2><a href=\"https:\/\/medifax.ca\/en\/service-royal\/\" target=\"_blank\" rel=\"noopener\">Royal &#8211; Service<\/a><\/h2>\t\t\n\t\t\t\t<a href=\"https:\/\/medifax.ca\/en\/ciminal-questionnaire\/\" target=\"_blank\" rel=\"noopener\">\n\t\t\t\t<img loading=\"lazy\" decoding=\"async\" src=\"https:\/\/medifax.ca\/wp-content\/uploads\/criminel.jpg\" alt=\"criminel\" height=\"853\" width=\"1001\" title=\"criminel\" \/>\n\t\t\t\t<\/a>\n\t\t<h2><a href=\"https:\/\/medifax.ca\/en\/ciminal-questionnaire\/\" target=\"_blank\" rel=\"noopener\">Medical &#8211; Criminal<\/a><\/h2>\t\t\n\t\t\t\t<a href=\"https:\/\/medifax.ca\/test-daltonisme-fr\/\" target=\"_self\" rel=\"noopener\">\n\t\t\t\t<img loading=\"lazy\" decoding=\"async\" src=\"https:\/\/medifax.ca\/wp-content\/uploads\/daltonnisme.jpg\" alt=\"daltonnisme\" height=\"853\" width=\"1000\" title=\"daltonnisme\" \/>\n\t\t\t\t<\/a>\n\t\t<h2><a href=\"https:\/\/medifax.ca\/test-daltonisme-fr\/\" target=\"_self\" rel=\"noopener\">Test &#8211; Color Blindness<\/a><\/h2>\t\t\n\t\t\t\t<a href=\"https:\/\/medifax.ca\/en\/questionnaire-corporation\/\" target=\"_blank\" rel=\"noopener\">\n\t\t\t\t<img loading=\"lazy\" decoding=\"async\" src=\"https:\/\/medifax.ca\/wp-content\/uploads\/corpo.jpg\" alt=\"corpo\" height=\"853\" width=\"1000\" title=\"corpo\" \/>\n\t\t\t\t<\/a>\n\t\t<h2><a href=\"https:\/\/medifax.ca\/en\/questionnaire-corporation\/\" target=\"_blank\" rel=\"noopener\">Medical &#8211; Corporation<\/a><\/h2>\t\t\n<h2>\n\t\tQuestionnaires\n\t<\/h2>\n\t<h3>Bureau \/ Office worker \/ Trabajador de oficina<\/h3>\n<p><a href=\"https:\/\/medifax.ca\/specifique-bureau-fr\/\">Bureau &#8211; Fran\u00e7ais<\/a><\/p>\n<p><a href=\"https:\/\/medifax.ca\/specifique-bureau-anglais\/\">Office worker &#8211; English<\/a><\/p>\n<p><a href=\"https:\/\/medifax.ca\/specifique-bureau-espagnol\/\">Trabajador de oficina- Espanol<\/a><\/p>\n\t<h3>Journalier \/ Labourer \/ Diario<\/h3>\n<p><a href=\"https:\/\/medifax.ca\/specifique-journalier-francais\/\">Journalier &#8211; Fran\u00e7ais<\/a><\/p>\n<p><a href=\"https:\/\/medifax.ca\/specifique-journalier-anglais\/\">Labourer- English<\/a><\/p>\n<p><a href=\"https:\/\/medifax.ca\/specifique-journalier-espagnol\/\">Diario &#8211; Espagnol<\/a><\/p>\n<p><a href=\"https:\/\/medifax.ca\/specifique-journalier-lift-francais\/\">Journalier &#8211; Lift &#8211; Fran\u00e7ais<\/a><\/p>\n<p><a href=\"https:\/\/medifax.ca\/specifique-journalier-lift-anglais\/\">Labourer- Lift operator &#8211; English<\/a><\/p>\n<p><a href=\"https:\/\/medifax.ca\/specifique-journalier-lift-espagnol\/\">Diarios &#8211; montacargas &#8211; Espanol<\/a><\/p>\n<p><a href=\"https:\/\/medifax.ca\/specifique-journalier-alimentaire-francais\/\">Journalier &#8211; Alimentaire &#8211; Fran\u00e7ais<\/a><\/p>\n<p><a href=\"https:\/\/medifax.ca\/specifique-journalier-alimentaire-anglais\/\">Labourer Food production &#8211; English\u00a0<\/a><\/p>\n<p><a href=\"https:\/\/medifax.ca\/specifique-journalier-alimentaire-espagnol\/\">Diario Producion de alimentos &#8211; Espanol<\/a><\/p>\n\t<h3>M\u00e9canicien \/ \u00e9lectrom\u00e9canicien &#8211; Mechanic \/ electro-mechanic<\/h3>\n<p><a href=\"https:\/\/medifax.ca\/specifique-mecanicien-electromecanicien-francais\/\">M\u00e9canicien \/ \u00c9lectrom\u00e9canicien &#8211; Fran\u00e7ais<\/a><\/p>\n<p><a href=\"https:\/\/medifax.ca\/specifique-mecanicien-electromecanicien-anglais\/\">Mecanicien \/ Electromecanic &#8211; English<\/a><\/p>\n<p><a href=\"https:\/\/medifax.ca\/specifique-mecanicien-electromecanicien-espagnol\/\">Mecanico \/ Electrom\u00e9canico- Espanol<\/a><\/p>\n\t<h3>Peintre \/ Painter \/ Pintor<\/h3>\n<p><a href=\"https:\/\/medifax.ca\/specifique-peintre-francais\/\">Peintre &#8211; Fran\u00e7ais<\/a><\/p>\n<p><a href=\"https:\/\/medifax.ca\/specifique-peintre-anglais\/\">Painter &#8211; English<\/a><\/p>\n<p><a href=\"https:\/\/medifax.ca\/specifique-peintre-espagnol\/\">Pintor- Espanol<\/a><\/p>\n<h3>Pompier \/ Fireman<\/h3>\n<p><a href=\"https:\/\/medifax.ca\/specifique-pompier-francais\/\">Pompier &#8211; Fran\u00e7ais<\/a><\/p>\n\t<h3>Soudeur \/ Welder \/ Soldador<\/h3>\n<p><a href=\"https:\/\/medifax.ca\/specifique-soudeur-francais\/\">Soudeur &#8211; Fran\u00e7ais<\/a><\/p>\n<p><a href=\"https:\/\/medifax.ca\/specifique-soudeur-anglais\/\">Welder &#8211; English<\/a><\/p>\n<p><a href=\"https:\/\/medifax.ca\/specifique-soudeur-espagnol\/\">Soldador &#8211; Espanol<\/a><\/p>\n\t<h3>Transport \/ Driver<\/h3>\n<p><a href=\"https:\/\/medifax.ca\/specifique-transport-francais\/\">Transport &#8211; Fran\u00e7ais<\/a><\/p>\n<p><a href=\"https:\/\/medifax.ca\/specifique-transport-anglais\/\">Driver- English<\/a><\/p>\n\n","protected":false},"excerpt":{"rendered":"<p>Choose your service Royal &#8211; Service Medical &#8211; Criminal Test &#8211; Color Blindness Medical &#8211; Corporation Questionnaires Bureau \/ Office worker \/ Trabajador de oficina Bureau &#8211; Fran\u00e7ais Office worker &#8211; English Trabajador de oficina- Espanol Journalier \/ Labourer \/ Diario Journalier &#8211; Fran\u00e7ais Labourer- English Diario &#8211; Espagnol Journalier &#8211; Lift &#8211; Fran\u00e7ais Labourer-&hellip;<\/p>\n","protected":false},"author":2,"featured_media":0,"parent":0,"menu_order":0,"comment_status":"closed","ping_status":"closed","template":"","meta":{"footnotes":""},"class_list":["post-306","page","type-page","status-publish","hentry"],"_links":{"self":[{"href":"https:\/\/medifax.ca\/en\/wp-json\/wp\/v2\/pages\/306","targetHints":{"allow":["GET"]}}],"collection":[{"href":"https:\/\/medifax.ca\/en\/wp-json\/wp\/v2\/pages"}],"about":[{"href":"https:\/\/medifax.ca\/en\/wp-json\/wp\/v2\/types\/page"}],"author":[{"embeddable":true,"href":"https:\/\/medifax.ca\/en\/wp-json\/wp\/v2\/users\/2"}],"replies":[{"embeddable":true,"href":"https:\/\/medifax.ca\/en\/wp-json\/wp\/v2\/comments?post=306"}],"version-history":[{"count":5,"href":"https:\/\/medifax.ca\/en\/wp-json\/wp\/v2\/pages\/306\/revisions"}],"predecessor-version":[{"id":6443,"href":"https:\/\/medifax.ca\/en\/wp-json\/wp\/v2\/pages\/306\/revisions\/6443"}],"wp:attachment":[{"href":"https:\/\/medifax.ca\/en\/wp-json\/wp\/v2\/media?parent=306"}],"curies":[{"name":"wp","href":"https:\/\/api.w.org\/{rel}","templated":true}]}}